{"id":1478,"date":"2023-11-14T20:44:53","date_gmt":"2023-11-14T19:44:53","guid":{"rendered":"https:\/\/renovedith.fr\/?page_id=1478"},"modified":"2023-11-22T01:59:03","modified_gmt":"2023-11-22T00:59:03","slug":"etageres-et-decorations-en-plaques-de-platre","status":"publish","type":"page","link":"https:\/\/renovedith.fr\/?page_id=1478","title":{"rendered":"\u00e9tag\u00e8res et d\u00e9corations en plaques de pl\u00e2tre"},"content":{"rendered":"\n<p>La plaque de pl\u00e2tre apporte un rendu lisse et impeccable. En d\u00e9coration, elle se d\u00e9marque r\u00e9ellement car elle permet des r\u00e9alisations sur mesure \u00e9tonnantes&nbsp;: <strong>\u00e9tag\u00e8res murales int\u00e9gr\u00e9es, arrondis, faux plafond design, d\u00e9co avec Led<\/strong>\u2026 les formes et les tailles varient pour des cr\u00e9ations personnalis\u00e9es et tr\u00e8s inspirantes&nbsp;!<\/p>\n\n\n\n<figure class=\"wp-block-gallery has-nested-images columns-default is-cropped wp-block-gallery-1 is-layout-flex wp-block-gallery-is-layout-flex\">\n<figure class=\"wp-block-image size-large\"><img loading=\"lazy\" decoding=\"async\" width=\"768\" height=\"1024\" data-id=\"1399\" src=\"https:\/\/renovedith.fr\/wp-content\/uploads\/2023\/11\/photos-mulhouse-282-768x1024.jpg\" alt=\"\" class=\"wp-image-1399\" srcset=\"https:\/\/renovedith.fr\/wp-content\/uploads\/2023\/11\/photos-mulhouse-282-768x1024.jpg 768w, https:\/\/renovedith.fr\/wp-content\/uploads\/2023\/11\/photos-mulhouse-282-225x300.jpg 225w, https:\/\/renovedith.fr\/wp-content\/uploads\/2023\/11\/photos-mulhouse-282-1152x1536.jpg 1152w, https:\/\/renovedith.fr\/wp-content\/uploads\/2023\/11\/photos-mulhouse-282.jpg 1536w\" sizes=\"(max-width: 768px) 100vw, 768px\" \/><\/figure>\n<\/figure>\n","protected":false},"excerpt":{"rendered":"<p>La plaque de pl\u00e2tre apporte un rendu lisse et impeccable. En d\u00e9coration, elle se d\u00e9marque r\u00e9ellement car elle permet des r\u00e9alisations sur mesure \u00e9tonnantes&nbsp;: \u00e9tag\u00e8res murales int\u00e9gr\u00e9es, arrondis, faux plafond design, d\u00e9co avec Led\u2026 les formes et les tailles varient pour des cr\u00e9ations personnalis\u00e9es et tr\u00e8s inspirantes&nbsp;!<\/p>\n","protected":false},"author":1,"featured_media":0,"parent":0,"menu_order":0,"comment_status":"closed","ping_status":"closed","template":"","meta":{"footnotes":""},"_links":{"self":[{"href":"https:\/\/renovedith.fr\/index.php?rest_route=\/wp\/v2\/pages\/1478"}],"collection":[{"href":"https:\/\/renovedith.fr\/index.php?rest_route=\/wp\/v2\/pages"}],"about":[{"href":"https:\/\/renovedith.fr\/index.php?rest_route=\/wp\/v2\/types\/page"}],"author":[{"embeddable":true,"href":"https:\/\/renovedith.fr\/index.php?rest_route=\/wp\/v2\/users\/1"}],"replies":[{"embeddable":true,"href":"https:\/\/renovedith.fr\/index.php?rest_route=%2Fwp%2Fv2%2Fcomments&post=1478"}],"version-history":[{"count":2,"href":"https:\/\/renovedith.fr\/index.php?rest_route=\/wp\/v2\/pages\/1478\/revisions"}],"predecessor-version":[{"id":1481,"href":"https:\/\/renovedith.fr\/index.php?rest_route=\/wp\/v2\/pages\/1478\/revisions\/1481"}],"wp:attachment":[{"href":"https:\/\/renovedith.fr\/index.php?rest_route=%2Fwp%2Fv2%2Fmedia&parent=1478"}],"curies":[{"name":"wp","href":"https:\/\/api.w.org\/{rel}","templated":true}]}}