{"id":1469,"date":"2023-11-14T20:40:48","date_gmt":"2023-11-14T19:40:48","guid":{"rendered":"https:\/\/renovedith.fr\/?page_id=1469"},"modified":"2023-11-22T01:59:51","modified_gmt":"2023-11-22T00:59:51","slug":"peinture","status":"publish","type":"page","link":"https:\/\/renovedith.fr\/?page_id=1469","title":{"rendered":"peinture"},"content":{"rendered":"\n<p>Finitions et embellissements des surfaces par application de peinture, r\u00e9sine, vernis, apr\u00e8s pr\u00e9paration manuelle ou m\u00e9canique des supports. Pose des rev\u00eatements muraux (papiers peints, tissus&#8230;)<\/p>\n\n\n\n<figure class=\"wp-block-gallery has-nested-images columns-default is-cropped wp-block-gallery-1 is-layout-flex wp-block-gallery-is-layout-flex\">\n<figure class=\"wp-block-image size-large\"><img loading=\"lazy\" decoding=\"async\" width=\"768\" height=\"1024\" data-id=\"1394\" src=\"https:\/\/renovedith.fr\/wp-content\/uploads\/2023\/11\/photos-mulhouse-284-768x1024.jpg\" alt=\"\" class=\"wp-image-1394\" srcset=\"https:\/\/renovedith.fr\/wp-content\/uploads\/2023\/11\/photos-mulhouse-284-768x1024.jpg 768w, https:\/\/renovedith.fr\/wp-content\/uploads\/2023\/11\/photos-mulhouse-284-225x300.jpg 225w, https:\/\/renovedith.fr\/wp-content\/uploads\/2023\/11\/photos-mulhouse-284-1152x1536.jpg 1152w, https:\/\/renovedith.fr\/wp-content\/uploads\/2023\/11\/photos-mulhouse-284.jpg 1536w\" sizes=\"(max-width: 768px) 100vw, 768px\" \/><\/figure>\n<\/figure>\n","protected":false},"excerpt":{"rendered":"<p>Finitions et embellissements des surfaces par application de peinture, r\u00e9sine, vernis, apr\u00e8s pr\u00e9paration manuelle ou m\u00e9canique des supports. Pose des rev\u00eatements muraux (papiers peints, tissus&#8230;)<\/p>\n","protected":false},"author":1,"featured_media":0,"parent":0,"menu_order":0,"comment_status":"closed","ping_status":"closed","template":"","meta":{"footnotes":""},"_links":{"self":[{"href":"https:\/\/renovedith.fr\/index.php?rest_route=\/wp\/v2\/pages\/1469"}],"collection":[{"href":"https:\/\/renovedith.fr\/index.php?rest_route=\/wp\/v2\/pages"}],"about":[{"href":"https:\/\/renovedith.fr\/index.php?rest_route=\/wp\/v2\/types\/page"}],"author":[{"embeddable":true,"href":"https:\/\/renovedith.fr\/index.php?rest_route=\/wp\/v2\/users\/1"}],"replies":[{"embeddable":true,"href":"https:\/\/renovedith.fr\/index.php?rest_route=%2Fwp%2Fv2%2Fcomments&post=1469"}],"version-history":[{"count":2,"href":"https:\/\/renovedith.fr\/index.php?rest_route=\/wp\/v2\/pages\/1469\/revisions"}],"predecessor-version":[{"id":1472,"href":"https:\/\/renovedith.fr\/index.php?rest_route=\/wp\/v2\/pages\/1469\/revisions\/1472"}],"wp:attachment":[{"href":"https:\/\/renovedith.fr\/index.php?rest_route=%2Fwp%2Fv2%2Fmedia&parent=1469"}],"curies":[{"name":"wp","href":"https:\/\/api.w.org\/{rel}","templated":true}]}}