{"id":1454,"date":"2023-11-14T18:23:56","date_gmt":"2023-11-14T17:23:56","guid":{"rendered":"https:\/\/renovedith.fr\/?page_id=1454"},"modified":"2023-11-22T02:00:29","modified_gmt":"2023-11-22T01:00:29","slug":"plaquisterie-platrerie","status":"publish","type":"page","link":"https:\/\/renovedith.fr\/?page_id=1454","title":{"rendered":"plaquisterie\/pl\u00e2trerie"},"content":{"rendered":"\n<p>Doublage et isolation des murs porteurs, montage des cloisons et des faux plafonds \u00e0 l&#8217;aide de plaques de pl\u00e2tre. R\u00e9alisation des coffrages pour cacher des tuyaux ou des fils \u00e9lectriques. Finition des murs laiss\u00e9s bruts. Apr\u00e8s avoir v\u00e9rifi\u00e9 et rectifi\u00e9 au besoin les aplombs, Pr\u00e9paration des surfaces parfaitement lisses et polies.<\/p>\n\n\n\n<figure class=\"wp-block-gallery has-nested-images columns-default is-cropped wp-block-gallery-1 is-layout-flex wp-block-gallery-is-layout-flex\">\n<figure class=\"wp-block-image size-large\"><img loading=\"lazy\" decoding=\"async\" width=\"1024\" height=\"768\" data-id=\"1393\" src=\"https:\/\/renovedith.fr\/wp-content\/uploads\/2023\/11\/IMG_20210417_134419-1024x768.jpg\" alt=\"\" class=\"wp-image-1393\" srcset=\"https:\/\/renovedith.fr\/wp-content\/uploads\/2023\/11\/IMG_20210417_134419-1024x768.jpg 1024w, https:\/\/renovedith.fr\/wp-content\/uploads\/2023\/11\/IMG_20210417_134419-300x225.jpg 300w, https:\/\/renovedith.fr\/wp-content\/uploads\/2023\/11\/IMG_20210417_134419-768x576.jpg 768w, https:\/\/renovedith.fr\/wp-content\/uploads\/2023\/11\/IMG_20210417_134419-1536x1152.jpg 1536w, https:\/\/renovedith.fr\/wp-content\/uploads\/2023\/11\/IMG_20210417_134419-2048x1536.jpg 2048w\" sizes=\"(max-width: 1024px) 100vw, 1024px\" \/><\/figure>\n<\/figure>\n","protected":false},"excerpt":{"rendered":"<p>Doublage et isolation des murs porteurs, montage des cloisons et des faux plafonds \u00e0 l&#8217;aide de plaques de pl\u00e2tre. R\u00e9alisation des coffrages pour cacher des tuyaux ou des fils \u00e9lectriques. Finition des murs laiss\u00e9s bruts. Apr\u00e8s avoir v\u00e9rifi\u00e9 et rectifi\u00e9 au besoin les aplombs, Pr\u00e9paration des surfaces parfaitement lisses et polies.<\/p>\n","protected":false},"author":1,"featured_media":0,"parent":0,"menu_order":0,"comment_status":"closed","ping_status":"closed","template":"","meta":{"footnotes":""},"_links":{"self":[{"href":"https:\/\/renovedith.fr\/index.php?rest_route=\/wp\/v2\/pages\/1454"}],"collection":[{"href":"https:\/\/renovedith.fr\/index.php?rest_route=\/wp\/v2\/pages"}],"about":[{"href":"https:\/\/renovedith.fr\/index.php?rest_route=\/wp\/v2\/types\/page"}],"author":[{"embeddable":true,"href":"https:\/\/renovedith.fr\/index.php?rest_route=\/wp\/v2\/users\/1"}],"replies":[{"embeddable":true,"href":"https:\/\/renovedith.fr\/index.php?rest_route=%2Fwp%2Fv2%2Fcomments&post=1454"}],"version-history":[{"count":2,"href":"https:\/\/renovedith.fr\/index.php?rest_route=\/wp\/v2\/pages\/1454\/revisions"}],"predecessor-version":[{"id":1468,"href":"https:\/\/renovedith.fr\/index.php?rest_route=\/wp\/v2\/pages\/1454\/revisions\/1468"}],"wp:attachment":[{"href":"https:\/\/renovedith.fr\/index.php?rest_route=%2Fwp%2Fv2%2Fmedia&parent=1454"}],"curies":[{"name":"wp","href":"https:\/\/api.w.org\/{rel}","templated":true}]}}